{"id":75,"date":"2012-06-20T00:26:29","date_gmt":"2012-06-19T22:26:29","guid":{"rendered":"http:\/\/dereformasenalicante.com\/blog\/?page_id=75"},"modified":"2013-01-25T01:11:27","modified_gmt":"2013-01-25T00:11:27","slug":"funcionamiento-del-portal","status":"publish","type":"page","link":"https:\/\/www.dereformasenalicante.com\/blog\/index.php\/funcionamiento-del-portal\/","title":{"rendered":"FUNCIONAMIENTO"},"content":{"rendered":"<p style=\"text-align: justify;\">A continuaci\u00f3n vamos a proceder a dar una explicaci\u00f3n para el correcto funcionamiento a la hora de <strong>solicitar un presupuesto<\/strong> a trav\u00e9s del <strong>portal dereformasenalicante.com\u00a0<\/strong> para que la navegaci\u00f3n por el mismo le resulte lo m\u00e1s f\u00e1cil y pr\u00e1ctica posible a todos los usuarios que lo visitan\u00a0y\u00a0que no conlleve\u00a0a\u00a0la p\u00e9rdida de la ubicaci\u00f3n en \u00e9l.<\/p>\n<p style=\"text-align: justify;\">Una vez que nos encontramos en el portal lo primero que visualiza es la <a title=\"portal de reformas en Alicante\" href=\"http:\/\/www.dereformasenalicante.com\" target=\"_blank\">p\u00e1gina de inicio <\/a>en donde nos encontraremos justo debajo de la cabecera donde se nos indica los pasos a seguir (paso 1, paso 2 y el paso 3), la siguiente imagen<\/p>\n<p style=\"text-align: justify;\"><a title=\"Pide presupuesto gratis\" href=\"http:\/\/www.dereformasenalicante.com\/formulario.php\" target=\"_blank\"><img loading=\"lazy\" class=\"aligncenter size-full wp-image-508\" title=\"pide2\" src=\"https:\/\/www.dereformasenalicante.com\/blog\/wp-content\/uploads\/2012\/06\/pide23.jpg\" alt=\"\" width=\"900\" height=\"118\" srcset=\"https:\/\/www.dereformasenalicante.com\/blog\/wp-content\/uploads\/2012\/06\/pide23.jpg 900w, https:\/\/www.dereformasenalicante.com\/blog\/wp-content\/uploads\/2012\/06\/pide23-300x39.jpg 300w\" sizes=\"(max-width: 900px) 100vw, 900px\" \/><\/a><\/p>\n<p style=\"text-align: justify;\">Clicando\u00a0sobre la misma\u00a0accederemos a una p\u00e1gina en la que\u00a0deberemos seleccionar los oficios que nos har\u00e1n falta para ejecutar la reforma de nuestro inmueble.<\/p>\n<p><a href=\"https:\/\/www.dereformasenalicante.com\/blog\/wp-content\/uploads\/2012\/06\/pantallazo_portal_formulario.png\" target=\"_blank\"><img loading=\"lazy\" class=\"wp-image-83 aligncenter\" title=\"pantallazo_portal_formulario\" src=\"https:\/\/www.dereformasenalicante.com\/blog\/wp-content\/uploads\/2012\/06\/pantallazo_portal_formulario.png\" alt=\"\" width=\"275\" height=\"197\" \/><\/a><\/p>\n<p style=\"text-align: justify;\">\u00a0Una vez rellenados\u00a0los oficios, a continuaci\u00f3n rellenaremos el formulario \u00a0que hay justo debajo de todos los oficios complet\u00e1ndolo debidamente con nuestros datos de contacto as\u00ed como con la direcci\u00f3n donde hay que presupuestar la obra o reforma.<\/p>\n<p style=\"text-align: justify;\">Contestaremos a unas simples preguntas para facilitar a las empresas la forma de contactar con el usuario as\u00ed como tener un poco de informaci\u00f3n para saber en qu\u00e9 momento se deben poner en contacto.<\/p>\n<p style=\"text-align: justify;\"><a href=\"https:\/\/www.dereformasenalicante.com\/blog\/wp-content\/uploads\/2012\/06\/pantallazo_formulario_portal.png\" target=\"_blank\"><img loading=\"lazy\" class=\"wp-image-84 alignnone alignleft\" title=\"pantallazo_formulario_portal\" src=\"https:\/\/www.dereformasenalicante.com\/blog\/wp-content\/uploads\/2012\/06\/pantallazo_formulario_portal.png\" alt=\"\" width=\"250\" height=\"243\" \/><\/a><\/p>\n<p style=\"text-align: justify;\">\u00a0<\/p>\n<p style=\"text-align: justify;\">Dicho formulario adem\u00e1s ofrece la posibilidad de poder enviar fotograf\u00edas del inmueble a reformar pulsando el bot\u00f3n examinar y eligiendo las im\u00e1genes de nuestro ordenador.<\/p>\n<p style=\"text-align: justify;\">Una vez enviado el formulario, se generar\u00e1 y enviar\u00e1 autom\u00e1ticamente\u00a0 la solicitud de presupuesto realizada por el\u00a0usuario a todas las empresas que se dediquen a los oficios que usted haya seleccionado en el paso anterior, las cuales se pondr\u00e1n en contacto con el usuario para concertar citas al inmueble a reformar para as\u00ed poder facilitar al usuario un presupuesto m\u00e1s completo, detallado y certero.<\/p>\n<p style=\"text-align: justify;\">Por otro lado a usted como usuario del portal recibir\u00e1 en su correo electr\u00f3nico un email con su usuario y pasword de acceso al portal y se le facilitar\u00e1 un panel de usuario con ciertas funciones tales como (poder realizar preguntas a los profesionales, dispondr\u00e1 de una bandeja de presupuestos recibidos por las empresas&#8230;).<\/p>\n<p style=\"text-align: justify;\">A dicho panel el usuario acceder\u00e1 a trav\u00e9s del enlace que se encuentra en la parte superior derecha del portal llamado <a title=\"Iniciar sesion\" href=\"http:\/\/www.dereformasenalicante.com\/iniciar_sesion.php\" target=\"_blank\">\u00e1rea privada<\/a><\/p>\n<p><a href=\"https:\/\/www.dereformasenalicante.com\/blog\/wp-content\/uploads\/2012\/06\/area_privada1.png\"><img loading=\"lazy\" class=\"aligncenter size-full wp-image-510\" title=\"area_privada\" src=\"https:\/\/www.dereformasenalicante.com\/blog\/wp-content\/uploads\/2012\/06\/area_privada1.png\" alt=\"\" width=\"586\" height=\"159\" srcset=\"https:\/\/www.dereformasenalicante.com\/blog\/wp-content\/uploads\/2012\/06\/area_privada1.png 586w, https:\/\/www.dereformasenalicante.com\/blog\/wp-content\/uploads\/2012\/06\/area_privada1-300x81.png 300w\" sizes=\"(max-width: 586px) 100vw, 586px\" \/><\/a>Desde dereformasenalicante.com esperamos que esta explicaci\u00f3n del funcionamiento del portal haya sido lo m\u00e1s aprovechable para usted.<\/p>\n<p>Muchas gracias por utilizar nuestros servicios.<\/p>\n","protected":false},"excerpt":{"rendered":"<p>A continuaci\u00f3n vamos a proceder a dar una explicaci\u00f3n para el correcto funcionamiento a la hora de solicitar un presupuesto a trav\u00e9s del portal dereformasenalicante.com\u00a0 para que la navegaci\u00f3n por el mismo le resulte lo m\u00e1s f\u00e1cil y pr\u00e1ctica posible a todos los usuarios que lo visitan\u00a0y\u00a0que no conlleve\u00a0a\u00a0la p\u00e9rdida de la ubicaci\u00f3n en \u00e9l. [&hellip;]<\/p>\n","protected":false},"author":3,"featured_media":510,"parent":0,"menu_order":0,"comment_status":"open","ping_status":"closed","template":"","meta":[],"yoast_head":"<!-- This site is optimized with the Yoast SEO plugin v14.4.1 - https:\/\/yoast.com\/wordpress\/plugins\/seo\/ -->\n<meta name=\"robots\" content=\"index, follow\" \/>\n<meta name=\"googlebot\" content=\"index, follow, max-snippet:-1, max-image-preview:large, max-video-preview:-1\" \/>\n<meta name=\"bingbot\" content=\"index, follow, max-snippet:-1, max-image-preview:large, max-video-preview:-1\" \/>\n<link rel=\"canonical\" href=\"https:\/\/www.dereformasenalicante.com\/blog\/index.php\/funcionamiento-del-portal\/\" \/>\n<meta property=\"og:locale\" content=\"es_ES\" \/>\n<meta property=\"og:type\" content=\"article\" \/>\n<meta property=\"og:title\" content=\"FUNCIONAMIENTO - Reformas en Alicante\" \/>\n<meta property=\"og:description\" content=\"A continuaci\u00f3n vamos a proceder a dar una explicaci\u00f3n para el correcto funcionamiento a la hora de solicitar un presupuesto a trav\u00e9s del portal dereformasenalicante.com\u00a0 para que la navegaci\u00f3n por el mismo le resulte lo m\u00e1s f\u00e1cil y pr\u00e1ctica posible a todos los usuarios que lo visitan\u00a0y\u00a0que no conlleve\u00a0a\u00a0la p\u00e9rdida de la ubicaci\u00f3n en \u00e9l. [&hellip;]\" \/>\n<meta property=\"og:url\" content=\"https:\/\/www.dereformasenalicante.com\/blog\/index.php\/funcionamiento-del-portal\/\" \/>\n<meta property=\"og:site_name\" content=\"Reformas en Alicante\" \/>\n<meta property=\"article:modified_time\" content=\"2013-01-25T00:11:27+00:00\" \/>\n<meta property=\"og:image\" content=\"https:\/\/www.dereformasenalicante.com\/blog\/wp-content\/uploads\/2012\/06\/area_privada1.png\" \/>\n\t<meta property=\"og:image:width\" content=\"586\" \/>\n\t<meta property=\"og:image:height\" content=\"159\" \/>\n<script type=\"application\/ld+json\" class=\"yoast-schema-graph\">{\"@context\":\"https:\/\/schema.org\",\"@graph\":[{\"@type\":\"WebSite\",\"@id\":\"https:\/\/www.dereformasenalicante.com\/blog\/#website\",\"url\":\"https:\/\/www.dereformasenalicante.com\/blog\/\",\"name\":\"Reformas en Alicante\",\"description\":\"blog | dereformasenalicante.com\",\"potentialAction\":[{\"@type\":\"SearchAction\",\"target\":\"https:\/\/www.dereformasenalicante.com\/blog\/?s={search_term_string}\",\"query-input\":\"required name=search_term_string\"}],\"inLanguage\":\"es\"},{\"@type\":\"ImageObject\",\"@id\":\"https:\/\/www.dereformasenalicante.com\/blog\/index.php\/funcionamiento-del-portal\/#primaryimage\",\"inLanguage\":\"es\",\"url\":\"https:\/\/www.dereformasenalicante.com\/blog\/wp-content\/uploads\/2012\/06\/area_privada1.png\",\"width\":\"586\",\"height\":\"159\"},{\"@type\":\"WebPage\",\"@id\":\"https:\/\/www.dereformasenalicante.com\/blog\/index.php\/funcionamiento-del-portal\/#webpage\",\"url\":\"https:\/\/www.dereformasenalicante.com\/blog\/index.php\/funcionamiento-del-portal\/\",\"name\":\"FUNCIONAMIENTO - Reformas en Alicante\",\"isPartOf\":{\"@id\":\"https:\/\/www.dereformasenalicante.com\/blog\/#website\"},\"primaryImageOfPage\":{\"@id\":\"https:\/\/www.dereformasenalicante.com\/blog\/index.php\/funcionamiento-del-portal\/#primaryimage\"},\"datePublished\":\"2012-06-19T22:26:29+00:00\",\"dateModified\":\"2013-01-25T00:11:27+00:00\",\"inLanguage\":\"es\",\"potentialAction\":[{\"@type\":\"ReadAction\",\"target\":[\"https:\/\/www.dereformasenalicante.com\/blog\/index.php\/funcionamiento-del-portal\/\"]}]}]}<\/script>\n<!-- \/ Yoast SEO plugin. -->","_links":{"self":[{"href":"https:\/\/www.dereformasenalicante.com\/blog\/index.php\/wp-json\/wp\/v2\/pages\/75"}],"collection":[{"href":"https:\/\/www.dereformasenalicante.com\/blog\/index.php\/wp-json\/wp\/v2\/pages"}],"about":[{"href":"https:\/\/www.dereformasenalicante.com\/blog\/index.php\/wp-json\/wp\/v2\/types\/page"}],"author":[{"embeddable":true,"href":"https:\/\/www.dereformasenalicante.com\/blog\/index.php\/wp-json\/wp\/v2\/users\/3"}],"replies":[{"embeddable":true,"href":"https:\/\/www.dereformasenalicante.com\/blog\/index.php\/wp-json\/wp\/v2\/comments?post=75"}],"version-history":[{"count":36,"href":"https:\/\/www.dereformasenalicante.com\/blog\/index.php\/wp-json\/wp\/v2\/pages\/75\/revisions"}],"predecessor-version":[{"id":652,"href":"https:\/\/www.dereformasenalicante.com\/blog\/index.php\/wp-json\/wp\/v2\/pages\/75\/revisions\/652"}],"wp:featuredmedia":[{"embeddable":true,"href":"https:\/\/www.dereformasenalicante.com\/blog\/index.php\/wp-json\/wp\/v2\/media\/510"}],"wp:attachment":[{"href":"https:\/\/www.dereformasenalicante.com\/blog\/index.php\/wp-json\/wp\/v2\/media?parent=75"}],"curies":[{"name":"wp","href":"https:\/\/api.w.org\/{rel}","templated":true}]}}