{"id":309,"date":"2012-07-15T03:33:00","date_gmt":"2012-07-15T01:33:00","guid":{"rendered":"http:\/\/dereformasenalicante.com\/blog\/?page_id=309"},"modified":"2012-12-25T23:55:52","modified_gmt":"2012-12-25T22:55:52","slug":"registrar-empresa","status":"publish","type":"page","link":"https:\/\/www.dereformasenalicante.com\/blog\/index.php\/registrar-empresa\/","title":{"rendered":"REGISTRE SU EMPRESA"},"content":{"rendered":"<h1>Registrar empresa en el portal de reformas en Alicante.<\/h1>\n<p style=\"text-align: justify;\">Si usted\u00a0es <strong>propietario de\u00a0una empresa de reformas<\/strong> o\u00a0una <strong>empresa dedicada a un oficio en concreto<\/strong> derivado de la construcci\u00f3n o las reformas de inmuebles en la provincia de Alicante,\u00a0<span style=\"color: #800000;\"><strong>registre su empresa de forma gratuita<\/strong> <\/span>en nuestro <a title=\"Portal de reformas en Alicante\" href=\"http:\/\/www.dereformasenalicante.com\" target=\"_blank\">portal de reformas en Alicante<\/a> y empiece a recibir solicitudes de presupuestos de reformas en Alicante de su sector.<\/p>\n<h3 style=\"text-align: justify;\">A\u00a0de tener en cuenta que en dereformasenalicante.com adoptamos en nuestra pol\u00edtica de empresa un principio fundamental para usted, el cual limita\u00a0el n\u00famero m\u00e1ximo de empresas registradas de\u00a0cada\u00a0oficio en dereformasenalicante.com en toda la provincia de Alicante, siendo el m\u00e1ximo de 10 empresas por oficio y no pudiendo ascender este n\u00famero bajo ning\u00fan concepto.<\/h3>\n<p style=\"text-align: justify;\">Es por ello que, usted registrando su empresa en el portal, tiene la garant\u00eda de que tan s\u00f3lo tendr\u00e1 competencia a la hora de entregar un presupuesto de reforma a un cliente de 9 empresas sin contar la suya.<\/p>\n<p><strong><strong><a href=\"https:\/\/www.dereformasenalicante.com\/blog\/wp-content\/uploads\/2012\/07\/flecha2.png\"><img loading=\"lazy\" class=\"alignright\" title=\"flecha2\" src=\"https:\/\/www.dereformasenalicante.com\/blog\/wp-content\/uploads\/2012\/07\/flecha2.png\" alt=\"seleccionar para registrar empresa.\" width=\"170\" height=\"44\" \/><\/a><\/strong><\/strong><\/p>\n<h2 style=\"text-align: left;\"><strong><strong><\/strong><a title=\"Registrar empresas de reformas en Alicante en Dereformasenalicante.com\" href=\"http:\/\/www.dereformasenalicante.com\/registro_empresas.php\" target=\"_blank\">Efect\u00fae el registro de\u00a0su empresa en Dereformasenalicante.com<\/a> \u00a1ahora!<\/strong><\/h2>\n","protected":false},"excerpt":{"rendered":"<p>Registrar empresa en el portal de reformas en Alicante. Si usted\u00a0es propietario de\u00a0una empresa de reformas o\u00a0una empresa dedicada a un oficio en concreto derivado de la construcci\u00f3n o las reformas de inmuebles en la provincia de Alicante,\u00a0registre su empresa de forma gratuita en nuestro portal de reformas en Alicante y empiece a recibir solicitudes [&hellip;]<\/p>\n","protected":false},"author":3,"featured_media":0,"parent":0,"menu_order":1,"comment_status":"open","ping_status":"closed","template":"onecolumn-page.php","meta":[],"yoast_head":"<!-- This site is optimized with the Yoast SEO plugin v14.4.1 - https:\/\/yoast.com\/wordpress\/plugins\/seo\/ -->\n<meta name=\"robots\" content=\"index, follow\" \/>\n<meta name=\"googlebot\" content=\"index, follow, max-snippet:-1, max-image-preview:large, max-video-preview:-1\" \/>\n<meta name=\"bingbot\" content=\"index, follow, max-snippet:-1, max-image-preview:large, max-video-preview:-1\" \/>\n<link rel=\"canonical\" href=\"https:\/\/www.dereformasenalicante.com\/blog\/index.php\/registrar-empresa\/\" \/>\n<meta property=\"og:locale\" content=\"es_ES\" \/>\n<meta property=\"og:type\" content=\"article\" \/>\n<meta property=\"og:title\" content=\"REGISTRE SU EMPRESA - Reformas en Alicante\" \/>\n<meta property=\"og:description\" content=\"Registrar empresa en el portal de reformas en Alicante. Si usted\u00a0es propietario de\u00a0una empresa de reformas o\u00a0una empresa dedicada a un oficio en concreto derivado de la construcci\u00f3n o las reformas de inmuebles en la provincia de Alicante,\u00a0registre su empresa de forma gratuita en nuestro portal de reformas en Alicante y empiece a recibir solicitudes [&hellip;]\" \/>\n<meta property=\"og:url\" content=\"https:\/\/www.dereformasenalicante.com\/blog\/index.php\/registrar-empresa\/\" \/>\n<meta property=\"og:site_name\" content=\"Reformas en Alicante\" \/>\n<meta property=\"article:modified_time\" content=\"2012-12-25T22:55:52+00:00\" \/>\n<meta property=\"og:image\" content=\"https:\/\/www.dereformasenalicante.com\/blog\/wp-content\/uploads\/2012\/07\/flecha2.png\" \/>\n<script type=\"application\/ld+json\" class=\"yoast-schema-graph\">{\"@context\":\"https:\/\/schema.org\",\"@graph\":[{\"@type\":\"WebSite\",\"@id\":\"https:\/\/www.dereformasenalicante.com\/blog\/#website\",\"url\":\"https:\/\/www.dereformasenalicante.com\/blog\/\",\"name\":\"Reformas en Alicante\",\"description\":\"blog | dereformasenalicante.com\",\"potentialAction\":[{\"@type\":\"SearchAction\",\"target\":\"https:\/\/www.dereformasenalicante.com\/blog\/?s={search_term_string}\",\"query-input\":\"required name=search_term_string\"}],\"inLanguage\":\"es\"},{\"@type\":\"ImageObject\",\"@id\":\"https:\/\/www.dereformasenalicante.com\/blog\/index.php\/registrar-empresa\/#primaryimage\",\"inLanguage\":\"es\",\"url\":\"https:\/\/www.dereformasenalicante.com\/blog\/wp-content\/uploads\/2012\/07\/flecha2.png\",\"width\":\"188\",\"height\":\"81\",\"caption\":\"seleccionar para registrar empresa.\"},{\"@type\":\"WebPage\",\"@id\":\"https:\/\/www.dereformasenalicante.com\/blog\/index.php\/registrar-empresa\/#webpage\",\"url\":\"https:\/\/www.dereformasenalicante.com\/blog\/index.php\/registrar-empresa\/\",\"name\":\"REGISTRE SU EMPRESA - Reformas en Alicante\",\"isPartOf\":{\"@id\":\"https:\/\/www.dereformasenalicante.com\/blog\/#website\"},\"primaryImageOfPage\":{\"@id\":\"https:\/\/www.dereformasenalicante.com\/blog\/index.php\/registrar-empresa\/#primaryimage\"},\"datePublished\":\"2012-07-15T01:33:00+00:00\",\"dateModified\":\"2012-12-25T22:55:52+00:00\",\"inLanguage\":\"es\",\"potentialAction\":[{\"@type\":\"ReadAction\",\"target\":[\"https:\/\/www.dereformasenalicante.com\/blog\/index.php\/registrar-empresa\/\"]}]}]}<\/script>\n<!-- \/ Yoast SEO plugin. -->","_links":{"self":[{"href":"https:\/\/www.dereformasenalicante.com\/blog\/index.php\/wp-json\/wp\/v2\/pages\/309"}],"collection":[{"href":"https:\/\/www.dereformasenalicante.com\/blog\/index.php\/wp-json\/wp\/v2\/pages"}],"about":[{"href":"https:\/\/www.dereformasenalicante.com\/blog\/index.php\/wp-json\/wp\/v2\/types\/page"}],"author":[{"embeddable":true,"href":"https:\/\/www.dereformasenalicante.com\/blog\/index.php\/wp-json\/wp\/v2\/users\/3"}],"replies":[{"embeddable":true,"href":"https:\/\/www.dereformasenalicante.com\/blog\/index.php\/wp-json\/wp\/v2\/comments?post=309"}],"version-history":[{"count":20,"href":"https:\/\/www.dereformasenalicante.com\/blog\/index.php\/wp-json\/wp\/v2\/pages\/309\/revisions"}],"predecessor-version":[{"id":312,"href":"https:\/\/www.dereformasenalicante.com\/blog\/index.php\/wp-json\/wp\/v2\/pages\/309\/revisions\/312"}],"wp:attachment":[{"href":"https:\/\/www.dereformasenalicante.com\/blog\/index.php\/wp-json\/wp\/v2\/media?parent=309"}],"curies":[{"name":"wp","href":"https:\/\/api.w.org\/{rel}","templated":true}]}}