{"id":239,"date":"2012-07-13T08:14:10","date_gmt":"2012-07-13T06:14:10","guid":{"rendered":"http:\/\/dereformasenalicante.com\/blog\/?page_id=239"},"modified":"2013-01-20T01:31:20","modified_gmt":"2013-01-20T00:31:20","slug":"promociones","status":"publish","type":"page","link":"https:\/\/www.dereformasenalicante.com\/blog\/index.php\/promociones\/","title":{"rendered":"PROMOCIONES"},"content":{"rendered":"<blockquote><p>&nbsp;<\/p>\n<p>En esta secci\u00f3n de nuestro blog,\u00a0se ir\u00e1n\u00a0a\u00f1adiendo todas las <strong>promociones o campa\u00f1as<\/strong> con sus respectivas ofertas y plazos de duraci\u00f3n de las mismas, para que toda empresa de <a title=\"Reformas en Alicante\" href=\"http:\/\/www.dereformasenalicante.com\/reformas_en_alicante.php\" target=\"_blank\">reformas en Alicante<\/a> y provincia que quiera acogerse a cualquiera de ellas.<\/p>\n<p>\u00a0Si alguna de las empresas estuviese interesada en acogerse a alguna de las promociones que se ofrecen en nuestro blog, ponemos a su disposici\u00f3n\u00a0nuestro tel\u00e9fono\u00a0 <span style=\"color: #800000;\"><strong>902 003 908\u00a0 <\/strong><\/span>as\u00ed como un formulario de <a title=\"formulario de contacto\" href=\"http:\/\/www.dereformasenalicante.com\/contacto.php\" target=\"_blank\">contacto<\/a>\u00a0.<\/p>\n<p>Estaremos encantados de atenderle y de facilitarle toda la informaci\u00f3n que necesite respecto a las promociones que publiquemos en dereformasenalicante.com<\/p><\/blockquote>\n<p>\u00a0Promociones actualmente vigentes:<\/p>\n<ul>\n<li><a title=\"Promoci\u00f3n de Lanzamiento del portal\" href=\"https:\/\/www.dereformasenalicante.com\/blog\/index.php\/promocion-de-lanzamiento-del-portal\/\" target=\"_blank\">Promoci\u00f3n de Lanzamiento<\/a><\/li>\n<li><a title=\"Promocion web gratis para empresas\" href=\"https:\/\/www.dereformasenalicante.com\/blog\/index.php\/promociones\/web-gratis-empresas\/\" target=\"_blank\">Web gratis para empresas<\/a><\/li>\n<\/ul>\n","protected":false},"excerpt":{"rendered":"<p>&nbsp; En esta secci\u00f3n de nuestro blog,\u00a0se ir\u00e1n\u00a0a\u00f1adiendo todas las promociones o campa\u00f1as con sus respectivas ofertas y plazos de duraci\u00f3n de las mismas, para que toda empresa de reformas en Alicante y provincia que quiera acogerse a cualquiera de ellas. \u00a0Si alguna de las empresas estuviese interesada en acogerse a alguna de las promociones [&hellip;]<\/p>\n","protected":false},"author":3,"featured_media":0,"parent":0,"menu_order":0,"comment_status":"open","ping_status":"closed","template":"onecolumn-page.php","meta":[],"yoast_head":"<!-- This site is optimized with the Yoast SEO plugin v14.4.1 - https:\/\/yoast.com\/wordpress\/plugins\/seo\/ -->\n<meta name=\"robots\" content=\"index, follow\" \/>\n<meta name=\"googlebot\" content=\"index, follow, max-snippet:-1, max-image-preview:large, max-video-preview:-1\" \/>\n<meta name=\"bingbot\" content=\"index, follow, max-snippet:-1, max-image-preview:large, max-video-preview:-1\" \/>\n<link rel=\"canonical\" href=\"https:\/\/www.dereformasenalicante.com\/blog\/index.php\/promociones\/\" \/>\n<meta property=\"og:locale\" content=\"es_ES\" \/>\n<meta property=\"og:type\" content=\"article\" \/>\n<meta property=\"og:title\" content=\"PROMOCIONES - Reformas en Alicante\" \/>\n<meta property=\"og:description\" content=\"&nbsp; En esta secci\u00f3n de nuestro blog,\u00a0se ir\u00e1n\u00a0a\u00f1adiendo todas las promociones o campa\u00f1as con sus respectivas ofertas y plazos de duraci\u00f3n de las mismas, para que toda empresa de reformas en Alicante y provincia que quiera acogerse a cualquiera de ellas. \u00a0Si alguna de las empresas estuviese interesada en acogerse a alguna de las promociones [&hellip;]\" \/>\n<meta property=\"og:url\" content=\"https:\/\/www.dereformasenalicante.com\/blog\/index.php\/promociones\/\" \/>\n<meta property=\"og:site_name\" content=\"Reformas en Alicante\" \/>\n<meta property=\"article:modified_time\" content=\"2013-01-20T00:31:20+00:00\" \/>\n<script type=\"application\/ld+json\" class=\"yoast-schema-graph\">{\"@context\":\"https:\/\/schema.org\",\"@graph\":[{\"@type\":\"WebSite\",\"@id\":\"https:\/\/www.dereformasenalicante.com\/blog\/#website\",\"url\":\"https:\/\/www.dereformasenalicante.com\/blog\/\",\"name\":\"Reformas en Alicante\",\"description\":\"blog | dereformasenalicante.com\",\"potentialAction\":[{\"@type\":\"SearchAction\",\"target\":\"https:\/\/www.dereformasenalicante.com\/blog\/?s={search_term_string}\",\"query-input\":\"required name=search_term_string\"}],\"inLanguage\":\"es\"},{\"@type\":\"WebPage\",\"@id\":\"https:\/\/www.dereformasenalicante.com\/blog\/index.php\/promociones\/#webpage\",\"url\":\"https:\/\/www.dereformasenalicante.com\/blog\/index.php\/promociones\/\",\"name\":\"PROMOCIONES - Reformas en Alicante\",\"isPartOf\":{\"@id\":\"https:\/\/www.dereformasenalicante.com\/blog\/#website\"},\"datePublished\":\"2012-07-13T06:14:10+00:00\",\"dateModified\":\"2013-01-20T00:31:20+00:00\",\"inLanguage\":\"es\",\"potentialAction\":[{\"@type\":\"ReadAction\",\"target\":[\"https:\/\/www.dereformasenalicante.com\/blog\/index.php\/promociones\/\"]}]}]}<\/script>\n<!-- \/ Yoast SEO plugin. -->","_links":{"self":[{"href":"https:\/\/www.dereformasenalicante.com\/blog\/index.php\/wp-json\/wp\/v2\/pages\/239"}],"collection":[{"href":"https:\/\/www.dereformasenalicante.com\/blog\/index.php\/wp-json\/wp\/v2\/pages"}],"about":[{"href":"https:\/\/www.dereformasenalicante.com\/blog\/index.php\/wp-json\/wp\/v2\/types\/page"}],"author":[{"embeddable":true,"href":"https:\/\/www.dereformasenalicante.com\/blog\/index.php\/wp-json\/wp\/v2\/users\/3"}],"replies":[{"embeddable":true,"href":"https:\/\/www.dereformasenalicante.com\/blog\/index.php\/wp-json\/wp\/v2\/comments?post=239"}],"version-history":[{"count":37,"href":"https:\/\/www.dereformasenalicante.com\/blog\/index.php\/wp-json\/wp\/v2\/pages\/239\/revisions"}],"predecessor-version":[{"id":241,"href":"https:\/\/www.dereformasenalicante.com\/blog\/index.php\/wp-json\/wp\/v2\/pages\/239\/revisions\/241"}],"wp:attachment":[{"href":"https:\/\/www.dereformasenalicante.com\/blog\/index.php\/wp-json\/wp\/v2\/media?parent=239"}],"curies":[{"name":"wp","href":"https:\/\/api.w.org\/{rel}","templated":true}]}}